{"id":72,"date":"2017-10-15T14:18:22","date_gmt":"2017-10-15T14:18:22","guid":{"rendered":"http:\/\/violeta-work-of-art.de\/?page_id=72"},"modified":"2019-11-05T09:41:04","modified_gmt":"2019-11-05T09:41:04","slug":"about-me","status":"publish","type":"page","link":"https:\/\/violeta-work-of-art.de\/?page_id=72","title":{"rendered":"About"},"content":{"rendered":"\n<p><\/p>\n\n\n<h4 style=\"text-align: center;\"><span style=\"color: #808080;\">Ich bin Malerin und Kunstdozentin in Hamburg. Auf diese Webseite bekommen Sie einen \u00dcberblick meiner Arbeit.<\/span><\/h4>\n\n\n<p><\/p>\n\n\n\n<h4 class=\"wp-block-heading\" style=\"text-align:center\"><\/h4>\n\n\n\n<div style=\"height:100px\" aria-hidden=\"true\" class=\"wp-block-spacer\"><\/div>\n\n\n\n<h2 class=\"wp-block-heading\"><\/h2>\n\n\n\n<hr class=\"wp-block-separator\"\/>\n\n\n\n<h4 class=\"wp-block-heading\" style=\"text-align:center\">ABSTRAKT<\/h4>\n\n\n\n<figure class=\"wp-block-image\"><img loading=\"lazy\" decoding=\"async\" width=\"1024\" height=\"758\" src=\"http:\/\/violeta-work-of-art.de\/wp-content\/uploads\/2017\/09\/Traum1-1024x758.jpg\" alt=\"\" class=\"wp-image-39\" srcset=\"https:\/\/violeta-work-of-art.de\/wp-content\/uploads\/2017\/09\/Traum1-1024x758.jpg 1024w, https:\/\/violeta-work-of-art.de\/wp-content\/uploads\/2017\/09\/Traum1-300x222.jpg 300w, https:\/\/violeta-work-of-art.de\/wp-content\/uploads\/2017\/09\/Traum1-768x569.jpg 768w\" sizes=\"auto, (max-width: 1024px) 100vw, 1024px\" \/><figcaption>Grossformatige, ausdrucksstarke Bilder im Acryl, wo Farbe und Form und nicht der Gegenstand im Mittelpunkt stehen.<\/figcaption><\/figure>\n\n\n\n<p><\/p>\n\n\n\n<div style=\"height:100px\" aria-hidden=\"true\" class=\"wp-block-spacer\"><\/div>\n\n\n\n<h4 class=\"wp-block-heading\" style=\"text-align:center\">PORTRAIT<\/h4>\n\n\n\n<p><\/p>\n\n\n\n<figure class=\"wp-block-image\"><img loading=\"lazy\" decoding=\"async\" width=\"1024\" height=\"784\" src=\"http:\/\/violeta-work-of-art.de\/wp-content\/uploads\/2017\/09\/kany2-1024x784.jpg\" alt=\"\" class=\"wp-image-49\" srcset=\"https:\/\/violeta-work-of-art.de\/wp-content\/uploads\/2017\/09\/kany2-1024x784.jpg 1024w, https:\/\/violeta-work-of-art.de\/wp-content\/uploads\/2017\/09\/kany2-300x230.jpg 300w, https:\/\/violeta-work-of-art.de\/wp-content\/uploads\/2017\/09\/kany2-768x588.jpg 768w\" sizes=\"auto, (max-width: 1024px) 100vw, 1024px\" \/><figcaption>Portrait ist eine wunderbare Gelegenheit, sich mit dem Charakter deines Gegen\u00fcbers auseinanderzusetzen.<\/figcaption><\/figure>\n\n\n\n<hr class=\"wp-block-separator\"\/>\n\n\n\n<div style=\"height:100px\" aria-hidden=\"true\" class=\"wp-block-spacer\"><\/div>\n\n\n\n<h4 class=\"wp-block-heading\" style=\"text-align:center\">STRASSENBILD<\/h4>\n\n\n\n<p><\/p>\n\n\n\n<figure class=\"wp-block-image\"><img loading=\"lazy\" decoding=\"async\" width=\"1024\" height=\"754\" src=\"http:\/\/violeta-work-of-art.de\/wp-content\/uploads\/2019\/11\/IMG_2658-1024x754.jpg\" alt=\"\" class=\"wp-image-442\" srcset=\"https:\/\/violeta-work-of-art.de\/wp-content\/uploads\/2019\/11\/IMG_2658-1024x754.jpg 1024w, https:\/\/violeta-work-of-art.de\/wp-content\/uploads\/2019\/11\/IMG_2658-300x221.jpg 300w, https:\/\/violeta-work-of-art.de\/wp-content\/uploads\/2019\/11\/IMG_2658-768x565.jpg 768w, https:\/\/violeta-work-of-art.de\/wp-content\/uploads\/2019\/11\/IMG_2658-750x552.jpg 750w\" sizes=\"auto, (max-width: 1024px) 100vw, 1024px\" \/><figcaption>Stra\u00dfen, H\u00e4user, Menschen, Licht und die besondere Atmosphere in der Stadt sind eine unendliche Faszination.<\/figcaption><\/figure>\n\n\n\n<hr class=\"wp-block-separator\"\/>\n\n\n\n<p><\/p>\n\n\n\n<div style=\"height:100px\" aria-hidden=\"true\" class=\"wp-block-spacer\"><\/div>\n\n\n\n<p><\/p>\n\n\n\n<h4 class=\"wp-block-heading\" style=\"text-align:center\">STILLEBEN<\/h4>\n\n\n\n<figure class=\"wp-block-image\"><img loading=\"lazy\" decoding=\"async\" width=\"1014\" height=\"1024\" src=\"http:\/\/violeta-work-of-art.de\/wp-content\/uploads\/2019\/02\/quite-3-1014x1024.jpg\" alt=\"\" class=\"wp-image-407\" srcset=\"https:\/\/violeta-work-of-art.de\/wp-content\/uploads\/2019\/02\/quite-3-1014x1024.jpg 1014w, https:\/\/violeta-work-of-art.de\/wp-content\/uploads\/2019\/02\/quite-3-150x150.jpg 150w, https:\/\/violeta-work-of-art.de\/wp-content\/uploads\/2019\/02\/quite-3-297x300.jpg 297w, https:\/\/violeta-work-of-art.de\/wp-content\/uploads\/2019\/02\/quite-3-768x775.jpg 768w, https:\/\/violeta-work-of-art.de\/wp-content\/uploads\/2019\/02\/quite-3-750x757.jpg 750w\" sizes=\"auto, (max-width: 1014px) 100vw, 1014px\" \/><figcaption>Die Natur mit Ihrer Vielfalt an Formen, Farben und Strukturen ist immer wieder eine Inspirationsquelle.<\/figcaption><\/figure>\n\n\n\n<hr class=\"wp-block-separator\"\/>\n\n\n\n<div style=\"height:100px\" aria-hidden=\"true\" class=\"wp-block-spacer\"><\/div>\n\n\n\n<p><\/p>\n\n\n\n<h4 class=\"wp-block-heading\" style=\"text-align:center\">ETNO<\/h4>\n\n\n\n<p><\/p>\n\n\n\n<figure class=\"wp-block-image\"><img loading=\"lazy\" decoding=\"async\" width=\"909\" height=\"1024\" src=\"http:\/\/violeta-work-of-art.de\/wp-content\/uploads\/2019\/02\/Oma-909x1024.jpg\" alt=\"\" class=\"wp-image-305\" srcset=\"https:\/\/violeta-work-of-art.de\/wp-content\/uploads\/2019\/02\/Oma-909x1024.jpg 909w, https:\/\/violeta-work-of-art.de\/wp-content\/uploads\/2019\/02\/Oma-266x300.jpg 266w, https:\/\/violeta-work-of-art.de\/wp-content\/uploads\/2019\/02\/Oma-768x866.jpg 768w, https:\/\/violeta-work-of-art.de\/wp-content\/uploads\/2019\/02\/Oma-750x845.jpg 750w, https:\/\/violeta-work-of-art.de\/wp-content\/uploads\/2019\/02\/Oma.jpg 1912w\" sizes=\"auto, (max-width: 909px) 100vw, 909px\" \/><figcaption>Motive aus Volkskunst, Mythologie und Kultur der Urv\u00f6lker \u00f6ffnen die T\u00fcr zur anderen Welten. <\/figcaption><\/figure>\n\n\n\n<hr class=\"wp-block-separator\"\/>\n\n\n\n<div style=\"height:100px\" aria-hidden=\"true\" class=\"wp-block-spacer\"><\/div>\n\n\n\n<p><\/p>\n\n\n\n<h4 class=\"wp-block-heading\" style=\"text-align:center\">HAFEN<\/h4>\n\n\n\n<figure class=\"wp-block-image\"><img loading=\"lazy\" decoding=\"async\" width=\"1004\" height=\"1024\" src=\"http:\/\/violeta-work-of-art.de\/wp-content\/uploads\/2019\/06\/IMG_3492-1004x1024.jpg\" alt=\"\" class=\"wp-image-388\" srcset=\"https:\/\/violeta-work-of-art.de\/wp-content\/uploads\/2019\/06\/IMG_3492-1004x1024.jpg 1004w, https:\/\/violeta-work-of-art.de\/wp-content\/uploads\/2019\/06\/IMG_3492-294x300.jpg 294w, https:\/\/violeta-work-of-art.de\/wp-content\/uploads\/2019\/06\/IMG_3492-768x783.jpg 768w, https:\/\/violeta-work-of-art.de\/wp-content\/uploads\/2019\/06\/IMG_3492-750x765.jpg 750w, https:\/\/violeta-work-of-art.de\/wp-content\/uploads\/2019\/06\/IMG_3492.jpg 1749w\" sizes=\"auto, (max-width: 1004px) 100vw, 1004px\" \/><figcaption>Wer kann diese Magie wiedersehen? Diese Explosion an Farben, Gerausche, Wind und Wasser zieht jedem in seiner Bahn.<\/figcaption><\/figure>\n\n\n\n<hr class=\"wp-block-separator\"\/>\n\n\n\n<div style=\"height:100px\" aria-hidden=\"true\" class=\"wp-block-spacer\"><\/div>\n\n\n\n<p><\/p>\n\n\n\n<h4 class=\"wp-block-heading\" style=\"text-align:center\">AKT<strong><br><\/strong><\/h4>\n\n\n\n<p><\/p>\n\n\n\n<div class=\"wp-block-cover has-background-dim\" style=\"background-image:url(http:\/\/violeta-work-of-art.de\/wp-content\/uploads\/2019\/06\/IMG_2633-766x1024.jpg)\"><div class=\"wp-block-cover__inner-container is-layout-flow wp-block-cover-is-layout-flow\">\n<h4 class=\"wp-block-heading\">Erotisch, komplex, vielschichtig&#8230;Der K\u00f6rper des Menschen ist immer eine  Herausforderung, die alles vom K\u00fcnstler verlangt<\/h4>\n<\/div><\/div>\n\n\n","protected":false},"excerpt":{"rendered":"<p>Ich bin Malerin und Kunstdozentin in Hamburg. Auf diese Webseite bekommen Sie einen \u00dcberblick meiner Arbeit. ABSTRAKT PORTRAIT STRASSENBILD STILLEBEN ETNO HAFEN AKT<\/p>\n","protected":false},"author":1,"featured_media":0,"parent":0,"menu_order":0,"comment_status":"closed","ping_status":"closed","template":"","meta":{"footnotes":""},"class_list":["post-72","page","type-page","status-publish","hentry"],"_links":{"self":[{"href":"https:\/\/violeta-work-of-art.de\/index.php?rest_route=\/wp\/v2\/pages\/72","targetHints":{"allow":["GET"]}}],"collection":[{"href":"https:\/\/violeta-work-of-art.de\/index.php?rest_route=\/wp\/v2\/pages"}],"about":[{"href":"https:\/\/violeta-work-of-art.de\/index.php?rest_route=\/wp\/v2\/types\/page"}],"author":[{"embeddable":true,"href":"https:\/\/violeta-work-of-art.de\/index.php?rest_route=\/wp\/v2\/users\/1"}],"replies":[{"embeddable":true,"href":"https:\/\/violeta-work-of-art.de\/index.php?rest_route=%2Fwp%2Fv2%2Fcomments&post=72"}],"version-history":[{"count":25,"href":"https:\/\/violeta-work-of-art.de\/index.php?rest_route=\/wp\/v2\/pages\/72\/revisions"}],"predecessor-version":[{"id":448,"href":"https:\/\/violeta-work-of-art.de\/index.php?rest_route=\/wp\/v2\/pages\/72\/revisions\/448"}],"wp:attachment":[{"href":"https:\/\/violeta-work-of-art.de\/index.php?rest_route=%2Fwp%2Fv2%2Fmedia&parent=72"}],"curies":[{"name":"wp","href":"https:\/\/api.w.org\/{rel}","templated":true}]}}